{"id":388,"date":"2016-02-08T15:50:40","date_gmt":"2016-02-08T12:50:40","guid":{"rendered":"https:\/\/the7.io\/marketing-agency\/?page_id=388"},"modified":"2024-05-02T15:46:43","modified_gmt":"2024-05-02T12:46:43","slug":"about-us","status":"publish","type":"page","link":"https:\/\/dispofarma.com\/en\/about-us\/","title":{"rendered":"About Us"},"content":{"rendered":"<div class=\"wpb-content-wrapper\"><p>[vc_row equal_height=&#8221;yes&#8221; content_placement=&#8221;middle&#8221; type=&#8221;vc_default&#8221; margin_top=&#8221;5&#8243; margin_bottom=&#8221;10&#8243; css=&#8221;.vc_custom_1491748274178{padding-top: 70px !important;padding-bottom: 30px !important;}&#8221;][vc_column][vc_row_inner equal_height=&#8221;yes&#8221; content_placement=&#8221;middle&#8221;][vc_column_inner css=&#8221;.vc_custom_1491746397816{padding-bottom: 50px !important;}&#8221;][vc_column_text]<\/p>\n<p style=\"font-weight: 300;\"><strong>Our company was established by Biologist Kemal B\u00dcY\u00dcKAKSAKAL and Chemist \u0130lker KURT in 2003 with the title of KAYSER\u0130 HEALTH MATERIALS PRODUCTION AND MARKETING LTD \u015eT\u0130, with the aim of producing medical aids in Ankara.<\/strong><\/p>\n<p>[\/vc_column_text][vc_column_text css=&#8221;.vc_custom_1595413172950{padding-bottom: 30px !important;}&#8221;]We changed the name of the company in 2009 as DISPOFARMA PHARMACEUTICAL INDUSTRY AND TRADE LTD with using DISPO + FARMA which are the first syllables of the words DISPOSABLE and PHARMACEUTICAL \u00a0in order to introduce our company in the global markets. We have been proceeding to invest on either for new medical devices or new technologies.[\/vc_column_text][\/vc_column_inner][\/vc_row_inner][\/vc_column][\/vc_row][vc_row full_width=&#8221;stretch_row&#8221; gap=&#8221;5&#8243; css=&#8221;.vc_custom_1685181598277{background-color: #bcbcbc !important;}&#8221;][vc_column width=&#8221;1\/4&#8243;][\/vc_column][vc_column width=&#8221;1\/2&#8243;]<style type=\"text\/css\" data-type=\"the7_shortcodes-inline-css\">.gallery-carousel-shortcode.gallery-carousel-shortcode-id-d0cd0ccf198a6a8f00d3efdaf6556dda.owl-carousel .owl-nav div {\n  width: 36px;\n  height: 36px;\n  border-radius: 500px;\n}\n.dt-arrow-border-on.gallery-carousel-shortcode.gallery-carousel-shortcode-id-d0cd0ccf198a6a8f00d3efdaf6556dda.owl-carousel .owl-nav div:not(:hover):before {\n  border-width: 0px;\n}\n.dt-arrow-hover-border-on.gallery-carousel-shortcode.gallery-carousel-shortcode-id-d0cd0ccf198a6a8f00d3efdaf6556dda.owl-carousel .owl-nav div:hover:after {\n  border-width: 0px;\n}\n.gallery-carousel-shortcode.gallery-carousel-shortcode-id-d0cd0ccf198a6a8f00d3efdaf6556dda.owl-carousel .owl-nav div.owl-prev {\n  top: 50%;\n  transform: translateY(calc(-50% + 0px));\n  left: -43px;\n}\n@media all and (-ms-high-contrast: none) {\n  .gallery-carousel-shortcode.gallery-carousel-shortcode-id-d0cd0ccf198a6a8f00d3efdaf6556dda.owl-carousel .owl-nav div.owl-prev {\n    transform: translateY(-50%);\n    margin-top: 0px;\n  }\n}\n.gallery-carousel-shortcode.gallery-carousel-shortcode-id-d0cd0ccf198a6a8f00d3efdaf6556dda.owl-carousel .owl-nav div.owl-prev i {\n  padding: 0px 0px 0px 0px;\n}\n.gallery-carousel-shortcode.gallery-carousel-shortcode-id-d0cd0ccf198a6a8f00d3efdaf6556dda.owl-carousel .owl-nav div.owl-next {\n  top: 50%;\n  transform: translateY(calc(-50% + 0px));\n  right: -43px;\n}\n@media all and (-ms-high-contrast: none) {\n  .gallery-carousel-shortcode.gallery-carousel-shortcode-id-d0cd0ccf198a6a8f00d3efdaf6556dda.owl-carousel .owl-nav div.owl-next {\n    transform: translateY(-50%);\n    margin-top: 0px;\n  }\n}\n.gallery-carousel-shortcode.gallery-carousel-shortcode-id-d0cd0ccf198a6a8f00d3efdaf6556dda.owl-carousel .owl-nav div.owl-next i {\n  padding: 0px 0px 0px 0px;\n}\n.gallery-carousel-shortcode.gallery-carousel-shortcode-id-d0cd0ccf198a6a8f00d3efdaf6556dda.owl-carousel .owl-nav i {\n  font-size: 18px;\n}\n.gallery-carousel-shortcode.gallery-carousel-shortcode-id-d0cd0ccf198a6a8f00d3efdaf6556dda.owl-carousel .owl-nav div:not(:hover) i,\n.gallery-carousel-shortcode.gallery-carousel-shortcode-id-d0cd0ccf198a6a8f00d3efdaf6556dda.owl-carousel .owl-nav div:not(:hover) i:before {\n  color: #ffffff;\n  background: none;\n}\n.gallery-carousel-shortcode.gallery-carousel-shortcode-id-d0cd0ccf198a6a8f00d3efdaf6556dda.owl-carousel .owl-nav div:hover i,\n.gallery-carousel-shortcode.gallery-carousel-shortcode-id-d0cd0ccf198a6a8f00d3efdaf6556dda.owl-carousel .owl-nav div:hover i:before {\n  color: rgba(255,255,255,0.75);\n  background: none;\n}\n.gallery-carousel-shortcode.gallery-carousel-shortcode-id-d0cd0ccf198a6a8f00d3efdaf6556dda .owl-dots {\n  top: calc(100% + 20px);\n  left: 50%;\n  transform: translateX(calc(-50% + 0px));\n}\n@media all and (-ms-high-contrast: none) {\n  .gallery-carousel-shortcode.gallery-carousel-shortcode-id-d0cd0ccf198a6a8f00d3efdaf6556dda .owl-dots {\n    transform: translateX(-50%);\n    margin-left: 0px;\n  }\n}\n.gallery-carousel-shortcode.gallery-carousel-shortcode-id-d0cd0ccf198a6a8f00d3efdaf6556dda .owl-dot {\n  width: 10px;\n  height: 10px;\n  margin: 0 8px;\n}\n@media screen and (max-width: 778px) {\n  .gallery-carousel-shortcode.gallery-carousel-shortcode-id-d0cd0ccf198a6a8f00d3efdaf6556dda.hide-arrows .owl-nav a {\n    display: none;\n  }\n}\n@media screen and (max-width: 778px) {\n  .gallery-carousel-shortcode.gallery-carousel-shortcode-id-d0cd0ccf198a6a8f00d3efdaf6556dda.reposition-arrows .owl-nav div.owl-prev {\n    top: 50%;\n    transform: translateY(calc(-50% + 0px));\n    left: 10px;\n  }\n  .gallery-carousel-shortcode.gallery-carousel-shortcode-id-d0cd0ccf198a6a8f00d3efdaf6556dda.reposition-arrows .owl-nav div.owl-next {\n    top: 50%;\n    transform: translateY(calc(-50% + 0px));\n    right: 10px;\n  }\n}\n@media screen and (max-width: 778px) and all and (-ms-high-contrast: none) {\n  .gallery-carousel-shortcode.gallery-carousel-shortcode-id-d0cd0ccf198a6a8f00d3efdaf6556dda.reposition-arrows .owl-nav div.owl-prev {\n    transform: translateY(-50%);\n    margin-top: 0px;\n  }\n}\n@media screen and (max-width: 778px) and all and (-ms-high-contrast: none) {\n  .gallery-carousel-shortcode.gallery-carousel-shortcode-id-d0cd0ccf198a6a8f00d3efdaf6556dda.reposition-arrows .owl-nav div.owl-next {\n    transform: translateY(-50%);\n    margin-top: 0px;\n  }\n}\n.gallery-carousel-shortcode.gallery-carousel-shortcode-id-d0cd0ccf198a6a8f00d3efdaf6556dda figure,\n.gallery-carousel-shortcode.gallery-carousel-shortcode-id-d0cd0ccf198a6a8f00d3efdaf6556dda .rollover,\n.gallery-carousel-shortcode.gallery-carousel-shortcode-id-d0cd0ccf198a6a8f00d3efdaf6556dda img,\n.gallery-carousel-shortcode.gallery-carousel-shortcode-id-d0cd0ccf198a6a8f00d3efdaf6556dda .gallery-rollover {\n  border-radius: 60px;\n}\n.gallery-carousel-shortcode.gallery-carousel-shortcode-id-d0cd0ccf198a6a8f00d3efdaf6556dda.enable-bg-rollover .gallery-rollover {\n  background: -webkit-linear-gradient();\n  background: linear-gradient();\n}\n.gallery-carousel-shortcode.gallery-carousel-shortcode-id-d0cd0ccf198a6a8f00d3efdaf6556dda.enable-img-shadow .owl-stage-outer {\n  padding: 9px 0;\n}\n.gallery-carousel-shortcode.gallery-carousel-shortcode-id-d0cd0ccf198a6a8f00d3efdaf6556dda.enable-bg-rollover.hover-scale figure .rollover:after {\n  background: -webkit-linear-gradient();\n  background: linear-gradient();\n}\n.gallery-carousel-shortcode.gallery-carousel-shortcode-id-d0cd0ccf198a6a8f00d3efdaf6556dda.gallery-shortcode .gallery-zoom-ico {\n  width: 44px;\n  height: 44px;\n  line-height: 44px;\n  border-radius: 100px;\n  margin: -22px 0 0 -22px;\n  border-width: 0px;\n}\n.dt-icon-bg-on.gallery-carousel-shortcode.gallery-carousel-shortcode-id-d0cd0ccf198a6a8f00d3efdaf6556dda.gallery-shortcode .gallery-zoom-ico {\n  background: rgba(255,255,255,0.3);\n  box-shadow: none;\n}\n.gallery-carousel-shortcode.gallery-carousel-shortcode-id-d0cd0ccf198a6a8f00d3efdaf6556dda.gallery-shortcode .gallery-zoom-ico:before,\n.gallery-carousel-shortcode.gallery-carousel-shortcode-id-d0cd0ccf198a6a8f00d3efdaf6556dda.gallery-shortcode .gallery-zoom-ico span {\n  font-size: 32px;\n  line-height: 44px;\n  color: #ffffff;\n  background: none;\n}<\/style><div class=\"owl-carousel gallery-carousel-shortcode gallery-shortcode  dt-gallery-container dt-owl-carousel-call gallery-carousel-shortcode-id-d0cd0ccf198a6a8f00d3efdaf6556dda meta-info-off dt-arrow-border-on dt-arrow-hover-border-on bullets-small-dot-stroke reposition-arrows dt-icon-bg-off arrows-bg-on disable-arrows-hover-bg arrows-hover-bg-on  hover-fade \" data-scroll-mode=\"1\" data-col-num=\"4\" data-wide-col-num=\"4\" data-laptop-col=\"4\" data-h-tablet-columns-num=\"4\" data-v-tablet-columns-num=\"4\" data-phone-columns-num=\"4\" data-col-gap=\"5\" data-stage-padding=\"0\" data-speed=\"600\" data-autoplay=\"false\" data-autoplay_speed=\"6000\" data-arrows=\"false\" data-bullet=\"false\" data-next-icon=\"icon-ar-017-r\" data-prev-icon=\"icon-ar-017-l\" data-img-shadow-size=\"12px\" data-img-shadow-spread=\"3px\"><div data-post-id=\"2487\" data-date=\"2023-05-27T13:00:52+03:00\" data-name=\"logo-b\"><figure class=\"post\"><a href=\"https:\/\/dispofarma.com\/en\/wp-content\/uploads\/2023\/05\/logo-b.png\" class=\"rollover dt-pswp-item layzr-bg\" data-large_image_width=\"174\" data-large_image_height=\"40\" data-dt-img-description=\"\" title=\"logo-b\"><img decoding=\"async\" class=\"preload-me owl-lazy-load aspect\" src=\"data:image\/svg+xml,%3Csvg%20xmlns%3D&#39;http%3A%2F%2Fwww.w3.org%2F2000%2Fsvg&#39;%20viewBox%3D&#39;0%200%20174%2040&#39;%2F%3E\" data-src=\"https:\/\/dispofarma.com\/en\/wp-content\/uploads\/2023\/05\/logo-b.png\" data-srcset=\"https:\/\/dispofarma.com\/en\/wp-content\/uploads\/2023\/05\/logo-b.png 174w\" loading=\"eager\" style=\"--ratio: 174 \/ 40\" sizes=\"(max-width: 174px) 100vw, 174px\" alt=\"\" width=\"174\" height=\"40\"  \/><span class=\"gallery-rollover\"><\/span><\/a><\/figure><\/div><div data-post-id=\"2488\" data-date=\"2023-05-27T13:00:53+03:00\" data-name=\"ikmib-logo\"><figure class=\"post\"><a href=\"https:\/\/dispofarma.com\/en\/wp-content\/uploads\/2023\/05\/ikmib-logo.png\" class=\"rollover dt-pswp-item layzr-bg\" data-large_image_width=\"283\" data-large_image_height=\"66\" data-dt-img-description=\"\" title=\"ikmib-logo\"><img decoding=\"async\" class=\"preload-me owl-lazy-load aspect\" src=\"data:image\/svg+xml,%3Csvg%20xmlns%3D&#39;http%3A%2F%2Fwww.w3.org%2F2000%2Fsvg&#39;%20viewBox%3D&#39;0%200%20283%2066&#39;%2F%3E\" data-src=\"https:\/\/dispofarma.com\/en\/wp-content\/uploads\/2023\/05\/ikmib-logo.png\" data-srcset=\"https:\/\/dispofarma.com\/en\/wp-content\/uploads\/2023\/05\/ikmib-logo.png 283w\" loading=\"eager\" style=\"--ratio: 283 \/ 66\" sizes=\"(max-width: 283px) 100vw, 283px\" alt=\"\" width=\"283\" height=\"66\"  \/><span class=\"gallery-rollover\"><\/span><\/a><\/figure><\/div><div data-post-id=\"2504\" data-date=\"2024-02-18T23:19:32+03:00\" data-name=\"logo\"><figure class=\"post\"><a href=\"https:\/\/dispofarma.com\/en\/wp-content\/uploads\/2024\/02\/logo.png\" class=\"rollover dt-pswp-item layzr-bg\" data-large_image_width=\"200\" data-large_image_height=\"68\" data-dt-img-description=\"\" title=\"logo\"><img decoding=\"async\" class=\"preload-me owl-lazy-load aspect\" src=\"data:image\/svg+xml,%3Csvg%20xmlns%3D&#39;http%3A%2F%2Fwww.w3.org%2F2000%2Fsvg&#39;%20viewBox%3D&#39;0%200%20200%2068&#39;%2F%3E\" data-src=\"https:\/\/dispofarma.com\/en\/wp-content\/uploads\/2024\/02\/logo.png\" data-srcset=\"https:\/\/dispofarma.com\/en\/wp-content\/uploads\/2024\/02\/logo.png 200w\" loading=\"eager\" style=\"--ratio: 200 \/ 68\" sizes=\"(max-width: 200px) 100vw, 200px\" alt=\"\" width=\"200\" height=\"68\"  \/><span class=\"gallery-rollover\"><\/span><\/a><\/figure><\/div><div data-post-id=\"2517\" data-date=\"2024-05-02T15:44:54+03:00\" data-name=\"fto\"><figure class=\"post\"><a href=\"https:\/\/dispofarma.com\/en\/wp-content\/uploads\/2024\/05\/fto-3.png\" class=\"rollover dt-pswp-item layzr-bg\" data-large_image_width=\"503\" data-large_image_height=\"100\" data-dt-img-description=\"\" title=\"fto\"><img fetchpriority=\"high\" decoding=\"async\" class=\"preload-me owl-lazy-load aspect\" src=\"data:image\/svg+xml,%3Csvg%20xmlns%3D&#39;http%3A%2F%2Fwww.w3.org%2F2000%2Fsvg&#39;%20viewBox%3D&#39;0%200%20503%20100&#39;%2F%3E\" data-src=\"https:\/\/dispofarma.com\/en\/wp-content\/uploads\/2024\/05\/fto-3.png\" data-srcset=\"https:\/\/dispofarma.com\/en\/wp-content\/uploads\/2024\/05\/fto-3.png 503w\" loading=\"eager\" style=\"--ratio: 503 \/ 100\" sizes=\"(max-width: 503px) 100vw, 503px\" alt=\"\" width=\"503\" height=\"100\"  \/><span class=\"gallery-rollover\"><\/span><\/a><\/figure><\/div><\/div>[\/vc_column][vc_column width=&#8221;1\/4&#8243;][\/vc_column][\/vc_row][vc_row equal_height=&#8221;yes&#8221; content_placement=&#8221;middle&#8221; type=&#8221;vc_default&#8221; margin_top=&#8221;5&#8243; margin_bottom=&#8221;10&#8243; css=&#8221;.vc_custom_1491754881827{padding-top: 70px !important;padding-bottom: 10px !important;}&#8221;][vc_column css=&#8221;.vc_custom_1491746299333{padding-bottom: 0px !important;}&#8221;][vc_row_inner equal_height=&#8221;yes&#8221; content_placement=&#8221;middle&#8221; css=&#8221;.vc_custom_1491754874130{padding-bottom: 20px !important;}&#8221;][vc_column_inner width=&#8221;1\/2&#8243; css=&#8221;.vc_custom_1491745840920{padding-bottom: 50px !important;}&#8221;][vc_column_text]<\/p>\n<p style=\"font-weight: 300;\"><strong>Dispofarma , started to produce UROJELL Urethral Lubricant Gel with 2% Lidocaine HCL not only into 12.5 g and 8.5 g but also into 11 ml and 6 ml syringes as a 3th copany after Montavit and Farco Pharma in 2006. We introduced our products to the global markets for the first time in D\u00fcsseldorf Medica Medical Exhibition on November 2006. We made our first export to Italy in 2007.<\/strong><\/p>\n<p>[\/vc_column_text][vc_empty_space height=&#8221;8px&#8221;][vc_column_text]Oral Care Set which consists Antiseptic Solution and Mouth and Lip Mousturizer, Surgical Hand and Nail Scrubs conisits of Povidone Iodine and Chlorhexidine Gluconate, Body Brush, \u00a0Perineum Area Wash and Rinse Pad, Disposable Antiseptic Wipes, Sterile Pleura Talk Powder, Barrier Cream, Wound Band Remover Spray and Wipes, Wound Care Powder, Solution Used in Treatment of Cystitis with Hyaluronic Acid, Disposable Transport Media, Petri Dishes and Ready-to-Feed Media and Blood Gas Sampler with Lithium Heparine and more\u2026[\/vc_column_text][vc_empty_space height=&#8221;8px&#8221;]<style type=\"text\/css\" data-type=\"the7_shortcodes-inline-css\">#default-btn-0885cd7381ecd6e3395af21f0fe46d7d.ico-right-side > i {\n  margin-right: 0px;\n  margin-left: 8px;\n}\n#default-btn-0885cd7381ecd6e3395af21f0fe46d7d > i {\n  margin-right: 8px;\n}<\/style><div class=\"btn-align-center\"><a href=\"http:\/\/dispofarma.com\/en\/products\/\" class=\"default-btn-shortcode dt-btn dt-btn-m bounce animate-element animation-builder link-hover-off \" target=\"_blank\" id=\"default-btn-0885cd7381ecd6e3395af21f0fe46d7d\" title=\"\u00dcR\u00dcNLER\u0130M\u0130Z\" rel=\"noopener\"><span>OUR PRODUCTS<\/span><\/a><\/div>[\/vc_column_inner][vc_column_inner width=&#8221;1\/2&#8243; css=&#8221;.vc_custom_1491745846322{padding-bottom: 50px !important;}&#8221;]<style type=\"text\/css\" data-type=\"the7_shortcodes-inline-css\">.shortcode-single-image-wrap.shortcode-single-image-360ab9ac28027c769e63043c80e896b5.enable-bg-rollover .rollover i,\n.shortcode-single-image-wrap.shortcode-single-image-360ab9ac28027c769e63043c80e896b5.enable-bg-rollover .rollover-video i {\n  background: -webkit-linear-gradient();\n  background: linear-gradient();\n}\n.shortcode-single-image-wrap.shortcode-single-image-360ab9ac28027c769e63043c80e896b5 .rollover-icon {\n  font-size: 32px;\n  color: #ffffff;\n  min-width: 44px;\n  min-height: 44px;\n  line-height: 44px;\n  border-radius: 100px;\n  border-style: solid;\n  border-width: 0px;\n}\n.dt-icon-bg-on.shortcode-single-image-wrap.shortcode-single-image-360ab9ac28027c769e63043c80e896b5 .rollover-icon {\n  background: rgba(255,255,255,0.3);\n  box-shadow: none;\n}<\/style><div class=\"shortcode-single-image-wrap shortcode-single-image-360ab9ac28027c769e63043c80e896b5 alignnone  enable-bg-rollover dt-icon-bg-off\" style=\"margin-top:0px; margin-bottom:0px; margin-left:0px; margin-right:0px; width:1000px;\"><div class=\"shortcode-single-image\"><div class=\"fancy-media-wrap  layzr-bg\" style=\"\"><img decoding=\"async\" class=\"preload-me lazy-load aspect\" src=\"data:image\/svg+xml,%3Csvg%20xmlns%3D&#39;http%3A%2F%2Fwww.w3.org%2F2000%2Fsvg&#39;%20viewBox%3D&#39;0%200%201000%20700&#39;%2F%3E\" data-src=\"https:\/\/dispofarma.com\/en\/wp-content\/uploads\/2022\/04\/2006-D\u0081sseldorf-Medica-Exhbition-2048x1536-1.jpg\" data-srcset=\"https:\/\/dispofarma.com\/en\/wp-content\/uploads\/2022\/04\/2006-D\u0081sseldorf-Medica-Exhbition-2048x1536-1.jpg 1000w\" loading=\"eager\" sizes=\"(max-width: 1000px) 100vw, 1000px\" width=\"1000\" height=\"700\"  data-dt-location=\"https:\/\/dispofarma.com\/en\/about-us\/2006-d%c2%81sseldorf-medica-exhbition-2048x1536\/\" style=\"--ratio: 1000 \/ 700;\" alt=\"\" \/><\/div><\/div><\/div>[vc_column_text]<\/p>\n<p style=\"text-align: center;\">2006 D\u00fcsseldorf Medica Exhibition<\/p>\n<p>[\/vc_column_text][\/vc_column_inner][\/vc_row_inner][vc_row_inner equal_height=&#8221;yes&#8221; content_placement=&#8221;middle&#8221; css=&#8221;.vc_custom_1491754886246{padding-bottom: 20px !important;}&#8221;][vc_column_inner width=&#8221;1\/2&#8243; css=&#8221;.vc_custom_1491745850253{padding-bottom: 50px !important;}&#8221;][vc_wp_text]<\/p>\n<p style=\"text-align: center;\">[fvplayer id=&#8221;2&#8243;]<\/p>\n<p style=\"text-align: center;\">Dispofarma new site video<\/p>\n<p>[\/vc_wp_text][\/vc_column_inner][vc_column_inner width=&#8221;1\/2&#8243; css=&#8221;.vc_custom_1491745854371{padding-bottom: 50px !important;}&#8221;][vc_column_text]<\/p>\n<p style=\"font-weight: 300;\"><strong>Dispofarma has been producing several medical devices Class I, CE certified Class IIA, Class IIB and Class III under GMP conditions together with ISO 13485: 2016 certificated production site . We have started to extend our production capacity with starting invest on to the new production site which has 3000 m2 closed area in Ankara Anadolu Industrial Zone. When this investment will be over, it will be 3th biggest capacity closed area can produce Urethral Lubricant Gel with 2% Lidocaine HCL in European Continent.<\/strong><\/p>\n<p>[\/vc_column_text][vc_empty_space height=&#8221;8px&#8221;][vc_column_text]We continue to strengthen our infrastructure and invest in our future generations as founding partners based on producing new products to be developed based on the Industry and University collaboration model.[\/vc_column_text][\/vc_column_inner][\/vc_row_inner][\/vc_column][\/vc_row]<\/p>\n<\/div>","protected":false},"excerpt":{"rendered":"<p>[vc_row equal_height=&#8221;yes&#8221; content_placement=&#8221;middle&#8221; type=&#8221;vc_default&#8221; margin_top=&#8221;5&#8243; margin_bottom=&#8221;10&#8243; css=&#8221;.vc_custom_1491748274178{padding-top: 70px !important;padding-bottom: 30px !important;}&#8221;][vc_column][vc_row_inner equal_height=&#8221;yes&#8221; content_placement=&#8221;middle&#8221;][vc_column_inner css=&#8221;.vc_custom_1491746397816{padding-bottom: 50px !important;}&#8221;][vc_column_text] Our company was established by Biologist Kemal B\u00dcY\u00dcKAKSAKAL and Chemist \u0130lker KURT in 2003 with the title of KAYSER\u0130 HEALTH MATERIALS PRODUCTION AND MARKETING LTD \u015eT\u0130, with the aim of producing medical aids in Ankara. [\/vc_column_text][vc_column_text css=&#8221;.vc_custom_1595413172950{padding-bottom: 30px !important;}&#8221;]We&hellip;<\/p>\n","protected":false},"author":1,"featured_media":2470,"parent":0,"menu_order":5,"comment_status":"closed","ping_status":"closed","template":"","meta":{"footnotes":""},"class_list":["post-388","page","type-page","status-publish","has-post-thumbnail","hentry","description-off"],"_links":{"self":[{"href":"https:\/\/dispofarma.com\/en\/wp-json\/wp\/v2\/pages\/388","targetHints":{"allow":["GET"]}}],"collection":[{"href":"https:\/\/dispofarma.com\/en\/wp-json\/wp\/v2\/pages"}],"about":[{"href":"https:\/\/dispofarma.com\/en\/wp-json\/wp\/v2\/types\/page"}],"author":[{"embeddable":true,"href":"https:\/\/dispofarma.com\/en\/wp-json\/wp\/v2\/users\/1"}],"replies":[{"embeddable":true,"href":"https:\/\/dispofarma.com\/en\/wp-json\/wp\/v2\/comments?post=388"}],"version-history":[{"count":11,"href":"https:\/\/dispofarma.com\/en\/wp-json\/wp\/v2\/pages\/388\/revisions"}],"predecessor-version":[{"id":2519,"href":"https:\/\/dispofarma.com\/en\/wp-json\/wp\/v2\/pages\/388\/revisions\/2519"}],"wp:featuredmedia":[{"embeddable":true,"href":"https:\/\/dispofarma.com\/en\/wp-json\/wp\/v2\/media\/2470"}],"wp:attachment":[{"href":"https:\/\/dispofarma.com\/en\/wp-json\/wp\/v2\/media?parent=388"}],"curies":[{"name":"wp","href":"https:\/\/api.w.org\/{rel}","templated":true}]}}